{"id":783,"date":"2025-05-02T15:30:51","date_gmt":"2025-05-02T13:30:51","guid":{"rendered":"https:\/\/skr-minfeld.de\/?page_id=783"},"modified":"2026-05-07T10:03:39","modified_gmt":"2026-05-07T08:03:39","slug":"entwicklung","status":"publish","type":"page","link":"https:\/\/skr-minfeld.de\/","title":{"rendered":"Herzlich Willkommen"},"content":{"rendered":"\n<div class=\"wp-block-group alignfull has-global-padding is-layout-constrained wp-block-group-is-layout-constrained\">\n<div class=\"wp-block-group alignfull is-content-justification-space-between is-layout-flex wp-container-core-group-is-layout-a4f0df5d wp-block-group-is-layout-flex\" style=\"padding-top:var(--wp--preset--spacing--30);padding-right:var(--wp--preset--spacing--30);padding-bottom:var(--wp--preset--spacing--30);padding-left:var(--wp--preset--spacing--30)\">\n<div class=\"wp-block-group is-layout-flex wp-container-core-group-is-layout-7a92790e wp-block-group-is-layout-flex\"><div class=\"is-default-size wp-block-site-logo\"><a href=\"https:\/\/skr-minfeld.de\/\" class=\"custom-logo-link\" rel=\"home\"><img loading=\"lazy\" decoding=\"async\" width=\"238\" height=\"80\" src=\"https:\/\/skr-minfeld.de\/wp-content\/uploads\/2025\/05\/RaceDayLogo.jpeg\" class=\"custom-logo\" alt=\"Seifenkistenrennen Minfeld\" \/><\/a><\/div>\n\n\n<div class=\"wp-block-group is-vertical is-layout-flex wp-container-core-group-is-layout-30a70405 wp-block-group-is-layout-flex\"><h1 class=\"has-link-color wp-elements-234e57400cf5587740bb7caa261d6fc4 wp-block-site-title has-medium-font-size\"><a href=\"https:\/\/skr-minfeld.de\" target=\"_self\" rel=\"home\">Seifenkistenrennen Minfeld<\/a><\/h1><\/div>\n<\/div>\n\n\n\n<p><strong><mark style=\"background-color:#cfcabe\" class=\"has-inline-color has-accent-3-color\">Anmeldeschluss Freitag, 11.09.26, 12:00 Uhr!!<\/mark><\/strong><\/p>\n\n\n\n<div class=\"wp-block-buttons is-layout-flex wp-block-buttons-is-layout-flex\">\n<div class=\"wp-block-button has-custom-width wp-block-button__width-100\"><a class=\"wp-block-button__link wp-element-button\" href=\"#anmeldung\">Zur Anmeldung<\/a><\/div>\n<\/div>\n<\/div>\n\n\n\n<div class=\"wp-block-cover alignfull is-light has-parallax\" style=\"margin-top:0;min-height:40vw;aspect-ratio:unset;\"><div class=\"wp-block-cover__image-background wp-image-779 size-large has-parallax\" style=\"background-position:50% 50%;background-image:url(https:\/\/skr-minfeld.de\/wp-content\/uploads\/2025\/05\/Bildschirmfoto-2025-05-02-um-14.05.50-1024x675.png)\"><\/div><span aria-hidden=\"true\" class=\"wp-block-cover__background has-black-background-color has-background-dim-0 has-background-dim\"><\/span><div class=\"wp-block-cover__inner-container is-layout-flow wp-block-cover-is-layout-flow\">\n<div style=\"height:50px\" aria-hidden=\"true\" class=\"wp-block-spacer\"><\/div>\n\n\n\n<p class=\"has-base-2-color has-text-color has-link-color has-x-large-font-size wp-elements-25058fd90e4151b5c46c198428f24ba1\"><strong>Herzlich Willkommen beim<\/strong> <strong>SKR 2026 Minfeld<\/strong><\/p>\n<\/div><\/div>\n<\/div>\n\n\n\n<p class=\"has-x-large-font-size\"><strong>Hallo Rennfreunde!<\/strong><\/p>\n\n\n\n<p class=\"has-text-align-center\"><strong><mark style=\"background-color:#cfcabe\" class=\"has-inline-color has-accent-3-color\">Anmeldeschluss Freitag, 11.09.26, 12:00 Uhr!!<\/mark><\/strong><\/p>\n\n\n\n<blockquote class=\"wp-block-quote has-text-align-center is-layout-flow wp-block-quote-is-layout-flow\">\n<p><strong><mark style=\"background-color:rgba(0, 0, 0, 0)\" class=\"has-inline-color has-contrast-2-color\"><em>Probel\u00e4ufe ab 10:00 Uhr<\/em><\/mark><\/strong><\/p>\n\n\n\n<p><strong><mark style=\"background-color:rgba(0, 0, 0, 0)\" class=\"has-inline-color has-contrast-2-color\"><em>Rennstart gegen 14:00 Uhr<\/em><\/mark><\/strong><\/p>\n<\/blockquote>\n\n\n\n<p>Auch dieses Jahr wird das legend\u00e4re Seifenkistenrennen in der Minfelder Herrengasse stattfinden. Das Rennen wird am Sonntag, den 13.09.2026 in vier Startklassen unterteilt.<\/p>\n\n\n\n<p>1. Startklasse:&nbsp;<strong>Freestyle&nbsp;<\/strong>\ud83d\ude99 Kinder, Jugendliche und Erwachsene 8-99 Jahre, freie Kistenwahl. Maximal 2 Fahrer je Kiste!<\/p>\n\n\n\n<p>2. Startklasse:&nbsp;<strong>Hauptsach Nunner!&nbsp;<\/strong>\ud83d\udec1 Jeder von 8-99 Jahre, es muss nicht mal wie eine Kiste aussehen! Der originellste Auftritt gewinnt nach Publikumsentscheid. Maximal 2 Fahrer je Kiste!<\/p>\n\n\n\n<p>3. Startklasse:&nbsp;<strong>DSKD Junior&nbsp;<\/strong>\ud83c\udfce\ufe0f Kinder 8-14 Jahre, Seifenkiste nach DSKD Norm<strong> im Parallel-Lauf!<\/strong> Maximal 2 Fahrer je Kiste!<\/p>\n\n\n\n<p>4. Startklasse: &nbsp;<strong>DSKD Senior<\/strong>&nbsp;\ud83c\udfce\ufe0f Jugendliche und Erwachsene 15-99 Jahre, Seifenkiste nach DSKD Norm<strong> im Parallel-Lauf!<\/strong> Maximal 2 Fahrer je Kiste!<\/p>\n\n\n\n<div data-wp-interactive=\"core\/file\" class=\"wp-block-file\"><object data-wp-bind--hidden=\"!state.hasPdfPreview\" hidden class=\"wp-block-file__embed\" data=\"https:\/\/skr-minfeld.de\/wp-content\/uploads\/2025\/06\/DSKD-Bauvorschrift-alle-Klassen.pdf\" type=\"application\/pdf\" style=\"width:100%;height:600px\" aria-label=\"Einbettung von DSKD-Bauvorschrift-alle-Klassen.\"><\/object><a id=\"wp-block-file--media-0b8f313f-805e-4b2c-a9ed-0de9d1ee8892\" href=\"https:\/\/skr-minfeld.de\/wp-content\/uploads\/2025\/06\/DSKD-Bauvorschrift-alle-Klassen.pdf\">DSKD-Bauvorschrift-alle-Klassen<\/a><a href=\"https:\/\/skr-minfeld.de\/wp-content\/uploads\/2025\/06\/DSKD-Bauvorschrift-alle-Klassen.pdf\" class=\"wp-block-file__button wp-element-button\" download aria-describedby=\"wp-block-file--media-0b8f313f-805e-4b2c-a9ed-0de9d1ee8892\">Herunterladen<\/a><\/div>\n\n\n\n<p class=\"has-text-align-center has-accent-3-color has-text-color has-link-color wp-elements-b10cea9b6af39df20300088e7658853d\">\u26d4\ufe0f <strong>KEINE MELDUNG IN MEHREREN KLASSEN M\u00d6GLICH!<\/strong> \u26d4\ufe0f<\/p>\n\n\n\n<p class=\"has-text-align-center\"><strong><mark style=\"background-color:#cfcabe\" class=\"has-inline-color has-accent-3-color\">Anmeldeschluss Freitag, 11.09.26, 12:00 Uhr!!<\/mark><\/strong><\/p>\n\n\n\n<div class=\"wp-block-buttons is-content-justification-center is-layout-flex wp-container-core-buttons-is-layout-a89b3969 wp-block-buttons-is-layout-flex\">\n<div class=\"wp-block-button has-custom-width wp-block-button__width-50\"><a class=\"wp-block-button__link wp-element-button\" href=\"#anmeldung\">Zur Anmeldung<\/a><\/div>\n<\/div>\n\n\n\n<p>Au\u00dferdem sind je Seifenkiste auch bis zu zwei Fahrer zugelassen, es k\u00f6nnen Teams gebildet werden, jedoch wird es keine Teamwertung geben, nur Einzelwertungen. Die L\u00e4ufe erfolgen in den Klassen Freestyle und &#8218;Hauptsach Nunner!&#8216; einzeln auf der Rennstrecke. Die DSKD-Klassen starten wieder im Kopf-an-Kopf-Rennen.<\/p>\n\n\n\n<figure class=\"wp-block-image size-large\"><img loading=\"lazy\" decoding=\"async\" width=\"1024\" height=\"683\" src=\"https:\/\/skr-minfeld.de\/wp-content\/uploads\/2025\/05\/Bildschirmfoto-2025-05-02-um-15.53.05-1024x683.png\" alt=\"\" class=\"wp-image-806\" srcset=\"https:\/\/skr-minfeld.de\/wp-content\/uploads\/2025\/05\/Bildschirmfoto-2025-05-02-um-15.53.05-1024x683.png 1024w, https:\/\/skr-minfeld.de\/wp-content\/uploads\/2025\/05\/Bildschirmfoto-2025-05-02-um-15.53.05-300x200.png 300w, https:\/\/skr-minfeld.de\/wp-content\/uploads\/2025\/05\/Bildschirmfoto-2025-05-02-um-15.53.05-768x512.png 768w, https:\/\/skr-minfeld.de\/wp-content\/uploads\/2025\/05\/Bildschirmfoto-2025-05-02-um-15.53.05-1536x1024.png 1536w, https:\/\/skr-minfeld.de\/wp-content\/uploads\/2025\/05\/Bildschirmfoto-2025-05-02-um-15.53.05-2048x1365.png 2048w\" sizes=\"auto, (max-width: 1024px) 100vw, 1024px\" \/><\/figure>\n\n\n\n<p>Egal ob Seifenkiste nach&nbsp;<em>DSKD Norm&nbsp;<\/em>oder&nbsp;<em>Freestyle-Seifenkiste<\/em>, alle m\u00fcssen folgende Kriterien erf\u00fcllen:<\/p>\n\n\n\n<p><em>&#8211;&nbsp;funktionierende Bremse&nbsp;\u26d4\ufe0f bei Bet\u00e4tigung darf die Kiste durch Anschieben nicht rollen<\/em>. <strong>Eine Bremse, die mit Handkraft bet\u00e4tigt wird und gegen den Boden presst beim Bremsen wird nicht zugelassen (Unfallursache 2024)<\/strong>.<\/p>\n\n\n\n<p>&#8211;&nbsp;<em>steife Lenkung<\/em>&nbsp;\u2638\ufe0f die R\u00e4der der Vorderachse sollten maximal 3-5 cm nach links und rechts einschlagen um eine \u00dcbersteuerung zu vermeiden. St\u00e4rkerer Einschlag wird dennoch zugelassen. Die eigentliche Funktion der Lenkung muss gegeben sein. <strong>Zur \u00dcbertragung der Lenkkr\u00e4fte sind nur stabile Gest\u00e4nge oder Stahlseile zul\u00e4ssig! <\/strong>Elastische\/dehnbare Seilz\u00fcge (z.B. Kunststoffseile) f\u00fchren zu erh\u00f6htem Lenkspiel, k\u00f6nnen zum Aufschwingen der Lenkung f\u00fchren und sind aus diesem Grund nicht f\u00fcr das Rennen zugelassen (Unfallursache 2024). Max. erlaubtes Lenkspiel am Lenkrad bei fixierter Lenkachse ist <strong>+\/- 5 Grad<\/strong>.<\/p>\n\n\n\n<p>&#8211; \u2060<em>gesicherte R\u00e4der<\/em>&nbsp;\ud83d\udede nur durch Bolzen und Splint, oder Sicherheitsverschraubung montierte R\u00e4der sind zugelassen<\/p>\n\n\n\n<p>&#8211; \u2060<em>absolute Helmpflicht<\/em>&nbsp;\u26d1\ufe0f zugelassen sind Motorradhelme, Halbschalenhelme mit Nackenschutz, Ski- und Fahrradhelme mit Nackenschutz. <strong>Nicht zugelassen sind Fahrradhelme, Lederkappen oder sonstige Kopfbedeckungen!<\/strong><\/p>\n\n\n\n<p>&#8211; A<em>bschlepphaken an der Front<\/em>&nbsp;\ud83e\ude9d&nbsp;<strong><em>wenn m\u00f6glich&nbsp;<\/em><\/strong>bitte einen Haken oder eine \u00d6se an der Front der Seifenkisten befestigen, damit das Fahrzeug den Berg hochgezogen werden kann &#8211; keine Zulassungsbedingung!<\/p>\n\n\n\n<p>\u26a0\ufe0f&nbsp;<strong>Alle Kriterien werden am Renntag bei der technischen Abnahme gepr\u00fcft und im Zweifel nicht zum Rennen zugelassen.&nbsp;<\/strong>\u26a0\ufe0f<\/p>\n\n\n\n<p>Kontakt: <a href=\"mailto:info@skr-minfeld.de\">info@skr-minfeld.de<\/a><\/p>\n\n\n\n<p class=\"has-text-align-center has-accent-3-color has-text-color has-link-color wp-elements-b10cea9b6af39df20300088e7658853d\">\u26d4\ufe0f <strong>KEINE MELDUNG IN MEHREREN KLASSEN M\u00d6GLICH!<\/strong> \u26d4\ufe0f<\/p>\n\n\n\n<p class=\"has-text-align-center\"><strong><mark style=\"background-color:#cfcabe\" class=\"has-inline-color has-accent-3-color\">Anmeldeschluss Freitag, 11.09.26, 12:00 Uhr!!<\/mark><\/strong><\/p>\n\n\n\n<div class=\"wp-block-buttons is-content-justification-center is-layout-flex wp-container-core-buttons-is-layout-a89b3969 wp-block-buttons-is-layout-flex\">\n<div class=\"wp-block-button has-custom-width wp-block-button__width-50\"><a class=\"wp-block-button__link wp-element-button\" href=\"#anmeldung\">Zur Anmeldung<\/a><\/div>\n<\/div>\n\n\n\n<figure class=\"wp-block-image size-large\"><img loading=\"lazy\" decoding=\"async\" width=\"1024\" height=\"682\" src=\"https:\/\/skr-minfeld.de\/wp-content\/uploads\/2025\/05\/Bildschirmfoto-2025-05-02-um-15.56.35-1024x682.png\" alt=\"\" class=\"wp-image-809\" srcset=\"https:\/\/skr-minfeld.de\/wp-content\/uploads\/2025\/05\/Bildschirmfoto-2025-05-02-um-15.56.35-1024x682.png 1024w, https:\/\/skr-minfeld.de\/wp-content\/uploads\/2025\/05\/Bildschirmfoto-2025-05-02-um-15.56.35-300x200.png 300w, https:\/\/skr-minfeld.de\/wp-content\/uploads\/2025\/05\/Bildschirmfoto-2025-05-02-um-15.56.35-768x511.png 768w, https:\/\/skr-minfeld.de\/wp-content\/uploads\/2025\/05\/Bildschirmfoto-2025-05-02-um-15.56.35-1536x1023.png 1536w, https:\/\/skr-minfeld.de\/wp-content\/uploads\/2025\/05\/Bildschirmfoto-2025-05-02-um-15.56.35-2048x1364.png 2048w\" sizes=\"auto, (max-width: 1024px) 100vw, 1024px\" \/><\/figure>\n\n\n\n<p class=\"has-contrast-2-color has-text-color has-link-color has-x-large-font-size wp-elements-6ef85f421bbd19fec0966d3e6b2fb0ef\" id=\"anmeldung\"><strong>Hier k\u00f6nnt ihr euch anmelden:<\/strong><\/p>\n\n\n\n<p class=\"has-text-align-center has-accent-3-color has-text-color has-link-color wp-elements-b10cea9b6af39df20300088e7658853d\">\u26d4\ufe0f <strong>KEINE MELDUNG IN MEHREREN KLASSEN M\u00d6GLICH!<\/strong> \u26d4\ufe0f<\/p>\n\n\n\n<p class=\"has-text-align-center\"><strong><mark style=\"background-color:#cfcabe\" class=\"has-inline-color has-accent-3-color\">Anmeldeschluss Freitag, 11.09.26, 12:00 Uhr!!<\/mark><\/strong><\/p>\n\n\n\n<p class=\"has-text-align-center\"><strong>Bitte Beachte: Jede Kiste darf maximal von zwei Fahrern gefahren werden. Bitte w\u00e4hle unten zwischen Einzelfahrer oder Zweifahrer Anmeldung.<\/strong><\/p>\n\n\n\n<div class=\"wp-block-buttons is-content-justification-center is-layout-flex wp-container-core-buttons-is-layout-a89b3969 wp-block-buttons-is-layout-flex\">\n<div class=\"wp-block-button\"><a class=\"wp-block-button__link wp-element-button\" href=\"https:\/\/skr-minfeld.de\/?page_id=855\">Einzelfahrer Anmeldung<\/a><\/div>\n\n\n\n<div class=\"wp-block-button\"><a class=\"wp-block-button__link wp-element-button\" href=\"https:\/\/skr-minfeld.de\/?page_id=864\">Zweifahrer Anmeldung<\/a><\/div>\n<\/div>\n\n\n\n<!--<div id=\"divRRPublish\" class=\"RRPublish\"><\/div>\n<script type=\"text\/javascript\" src=\"https:\/\/my.raceresult.com\/RRPublish\/load.js?lang=de\"><\/script>\n<script type=\"text\/javascript\">\n<!--\n  let rrp=new RRPublish(document.getElementById(\"divRRPublish\"), 398037, \"results\");\n  rrp.ShowTimerLogo=true;\n  rrp.ShowInfoText=false;\n-->\n<\/script>\n<style>\n  \/* Add custom CSS here or elsewhere to change the design *\/\n<\/style>\n\n\n\n<div id=\"divRRPublish\" class=\"RRPublish\"><\/div>\n<script type=\"text\/javascript\" src=\"https:\/\/my.raceresult.com\/RRPublish\/load.js?lang=de\"><\/script>\n<script type=\"text\/javascript\">\n<!--\n  let rrp=new RRPublish(document.getElementById(\"divRRPublish\"), 398037, \"participants\");\n  rrp.ShowTimerLogo=true;\n  rrp.ShowInfoText=false;\n-->\n<\/script>\n<style>\n  \/* Add custom CSS here or elsewhere to change the design *\/\n<\/style>\n","protected":false},"excerpt":{"rendered":"<p>Anmeldeschluss Freitag, 11.09.26, 12:00 Uhr!! Hallo Rennfreunde! Anmeldeschluss Freitag, 11.09.26, 12:00 Uhr!! Probel\u00e4ufe ab 10:00 Uhr Rennstart gegen 14:00 Uhr Auch dieses Jahr wird das legend\u00e4re Seifenkistenrennen in der Minfelder Herrengasse stattfinden. Das Rennen wird am Sonntag, den 13.09.2026 in vier Startklassen unterteilt. 1. Startklasse:&nbsp;Freestyle&nbsp;\ud83d\ude99 Kinder, Jugendliche und Erwachsene 8-99 Jahre, freie Kistenwahl. Maximal 2 [&hellip;]<\/p>\n","protected":false},"author":1,"featured_media":0,"parent":0,"menu_order":0,"comment_status":"closed","ping_status":"closed","template":"page-no-title","meta":{"footnotes":""},"class_list":["post-783","page","type-page","status-publish","hentry"],"_links":{"self":[{"href":"https:\/\/skr-minfeld.de\/index.php?rest_route=\/wp\/v2\/pages\/783","targetHints":{"allow":["GET"]}}],"collection":[{"href":"https:\/\/skr-minfeld.de\/index.php?rest_route=\/wp\/v2\/pages"}],"about":[{"href":"https:\/\/skr-minfeld.de\/index.php?rest_route=\/wp\/v2\/types\/page"}],"author":[{"embeddable":true,"href":"https:\/\/skr-minfeld.de\/index.php?rest_route=\/wp\/v2\/users\/1"}],"replies":[{"embeddable":true,"href":"https:\/\/skr-minfeld.de\/index.php?rest_route=%2Fwp%2Fv2%2Fcomments&post=783"}],"version-history":[{"count":39,"href":"https:\/\/skr-minfeld.de\/index.php?rest_route=\/wp\/v2\/pages\/783\/revisions"}],"predecessor-version":[{"id":875,"href":"https:\/\/skr-minfeld.de\/index.php?rest_route=\/wp\/v2\/pages\/783\/revisions\/875"}],"wp:attachment":[{"href":"https:\/\/skr-minfeld.de\/index.php?rest_route=%2Fwp%2Fv2%2Fmedia&parent=783"}],"curies":[{"name":"wp","href":"https:\/\/api.w.org\/{rel}","templated":true}]}}